{"id":2200,"date":"2021-06-02T02:30:16","date_gmt":"2021-06-02T02:30:16","guid":{"rendered":"http:\/\/c2101370.ferozo.com\/?page_id=2200"},"modified":"2021-06-08T10:44:45","modified_gmt":"2021-06-08T10:44:45","slug":"politica-de-privacidad","status":"publish","type":"page","link":"https:\/\/school.innovativefacilities.es\/2023\/politica-de-privacidad\/","title":{"rendered":"Pol\u00edtica de privacidad"},"content":{"rendered":"<p><strong>IDENTIFICACI\u00d3N DEL RESPONSABLE DEL TRATAMIENTO<\/strong><\/p>\n<ul>\n<li><strong>Identidad:\u00a0<\/strong>SIENA EDUCACI\u00d3N S.A.<\/li>\n<li><strong>NIF:\u00a0<\/strong>A81849986<\/li>\n<li><strong>Direcci\u00f3n Postal:<\/strong>\u00a0Calle Jos\u00e9 Abascal 55, entresuelo izda. 28003 Madrid (Espa\u00f1a)<\/li>\n<li><strong>Tel\u00e9fono:\u00a0<\/strong>915199515<\/li>\n<li><strong>Correo electr\u00f3nico:\u00a0<\/strong><a href=\"mailto:magisnet@magisnet.com\" target=\"_blank\" rel=\"noopener\">magisnet@magisnet.com<\/a><\/li>\n<\/ul>\n<p><strong>NORMATIVA APLICABLE EN MATERIA DE PROTECCI\u00d3N DE DATOS<\/strong><\/p>\n<p>SIENA EDUCACI\u00d3N S.A., organizadora de Innovative Facilities, es titular de este sitio web y cumple con lo dispuesto en el Reglamento General de Protecci\u00f3n de Datos Reglamento (UE) 2016\/679) y por la Ley Org\u00e1nica 3\/2018, de 5 de diciembre.<\/p>\n<p><strong>INFORMACI\u00d3N Y CONSENTIMIENTO EN FACILITAR LOS DATOS<\/strong><\/p>\n<p>Mediante la aceptaci\u00f3n de la presente Pol\u00edtica de Privacidad, el INTERESADO queda informado y presta su consentimiento libre, informado, espec\u00edfico e inequ\u00edvoco para que los datos personales que facilite a trav\u00e9s de la presente p\u00e1gina Web sean tratados por SIENA EDUCACI\u00d3N S.A.<\/p>\n<p>La aceptaci\u00f3n y consentimiento del interesado: En aquellos casos donde para realizar una solicitud sea necesario cumplimentar un formulario y hacer un \u201cclick\u201d en el bot\u00f3n de enviar, la realizaci\u00f3n del mismo implicar\u00e1 necesariamente que ha sido informado y ha otorgado expresamente su consentimiento al contenido de la cl\u00e1usula anexada a dicho formulario o aceptaci\u00f3n de la pol\u00edtica de privacidad.<\/p>\n<p>Todos nuestros formularios cuentan con el s\u00edmbolo * en los datos obligatorios. Si no facilitas esos campos, o no marcas la casilla de aceptaci\u00f3n de la pol\u00edtica de privacidad, no se permitir\u00e1 el env\u00edo de la informaci\u00f3n. Normalmente tiene la siguiente f\u00f3rmula: \u201c\u25a1 He le\u00eddo y acepto la Pol\u00edtica de privacidad.\u201d<\/p>\n<p><strong>FINALIDADES DEL TRATAMIENTO Y PLAZOS DE CONSERVACI\u00d3N DE LOS DATOS<\/strong><\/p>\n<p>SIENA EDUCACI\u00d3N S.A. tratar\u00e1 la informaci\u00f3n que facilite el Interesado a trav\u00e9s del Sitio Web o de cualquier otro medio conforme a las siguientes finalidades:<\/p>\n<ul>\n<li>Gestionar el registro del interesado, gestionar una entrega, llevar a cabo la ejecuci\u00f3n de los servicios contratados y el mantenimiento de la relaci\u00f3n contractual. Los datos del Interesado ser\u00e1n conservados con ese fin durante todo el tiempo en que la relaci\u00f3n contractual est\u00e9 vigente y, a\u00fan despu\u00e9s, durante todo el tiempo exigido por la legislaci\u00f3n aplicable y hasta que prescriban las eventuales responsabilidades derivadas del contrato, a los efectos de la formulaci\u00f3n, el ejercicio o la defensa de eventuales reclamaciones.<\/li>\n<li>Gestionar, tramitar y dar respuesta a peticiones, solicitudes, incidencias o consultas del Interesado, cuando \u00e9ste facilite sus datos a trav\u00e9s de los formularios de contacto y direcciones de correo electr\u00f3nico habilitadas al efecto en el Sitio Web o de cualquier otro medio de comunicaci\u00f3n. Los datos del Interesado ser\u00e1n conservados con ese fin hasta que \u00e9ste se oponga o revoque su consentimiento.<\/li>\n<li>Gestionar el env\u00edo de comunicaciones comerciales, ajustadas a un perfil sobre su comportamiento y preferencias personales elaborado a partir de datos obtenidos de fuentes propias y de terceros, por medios electr\u00f3nicos sobre productos y\/o servicios de SIENA EDUCACI\u00d3N S.A., por medios electr\u00f3nicos y\/o convencionales, cuando el Interesado lo autorice marcando la casilla correspondiente, a trav\u00e9s de los formularios de contacto. En su caso, los datos del Interesado ser\u00e1n tratados conforme a dicha finalidad hasta se oponga o revoque su consentimiento.<\/li>\n<li>Realizar encuestas de satisfacci\u00f3n.<\/li>\n<\/ul>\n<p><strong>TIPOLOG\u00cdA DE DATOS TRATADOS<\/strong><\/p>\n<p>SIENA EDUCACI\u00d3N S.A. tratar\u00e1 las siguientes categor\u00edas de datos del Interesado:<\/p>\n<ul>\n<li>Datos identificativos: nombre, apellidos, DNI.<\/li>\n<li>Datos de contacto: direcci\u00f3n postal, direcci\u00f3n de correo electr\u00f3nico, tel\u00e9fono, etc.<\/li>\n<li>Datos de caracter\u00edsticas personales: fecha de nacimiento, sexo, nacionalidad, etc.<\/li>\n<li>Datos acad\u00e9micos y profesionales: formaci\u00f3n, titulaciones, etc.<\/li>\n<li>Datos econ\u00f3micos, financieros o de seguros: ingresos, datos bancarios, etc.<\/li>\n<\/ul>\n<p>En caso de que el Interesado facilite datos de terceros, manifiesta contar con el consentimiento de los mismos y se compromete a trasladarle la informaci\u00f3n contenida en la Pol\u00edtica de Privacidad, eximiendo a SIENA EDUCACI\u00d3N S.A. de cualquier responsabilidad en este sentido. No obstante SIENA EDUCACI\u00d3N S.A. podr\u00e1 llevar a cabo las verificaciones peri\u00f3dicas para constatar este hecho, adoptando las medidas de diligencia debida que correspondan, conforme a la normativa de protecci\u00f3n de datos.<\/p>\n<p><strong>LEGITIMACI\u00d3N Y FINALIDAD DEL TRATAMIENTO DE LOS DATOS<\/strong><\/p>\n<p>En algunos supuestos, los datos personales de los que disponemos nos los has facilitado al cumplimentar el formulario de inscripci\u00f3n de nuestra p\u00e1gina web otorgando, de este modo, el consentimiento al tratamiento de sus datos \u00fanicamente para las finalidades de las que te hemos informado.<br \/>\nEl tratamiento de los datos del interesado por parte de SIENA EDUCACI\u00d3N S.A. para llevar a cabo la prestaci\u00f3n de los servicios contratados est\u00e1 basado en la ejecuci\u00f3n del contrato, por lo que el suministro de los datos con este fin es obligado e impedir\u00eda su cumplimiento en caso contrario. En caso de que el interesado retire su consentimiento, SIENA EDUCACI\u00d3N S.A. no podr\u00e1 prestar los servicios objeto de contrataci\u00f3n.<\/p>\n<p>Por otra parte, el tratamiento de sus datos para el env\u00edo de comunicaciones comerciales basado en la elaboraci\u00f3n de un perfil comercial est\u00e1 basado en el consentimiento, el cual otorga marcando la casilla correspondiente. El tratamiento para la realizaci\u00f3n de encuestas de satisfacci\u00f3n est\u00e1 basado en el consentimiento y voluntad del interesado.<\/p>\n<p>Por otra parte, la legitimaci\u00f3n del tratamiento para dar respuesta a las peticiones, solicitudes, incidencias o consultas del Interesado acerca de alg\u00fan servicio concreto est\u00e1 basado en el consentimiento que se le solicita y que puede retirar en cualquier momento.<\/p>\n<p>Los consentimientos obtenidos para las finalidades mencionadas son independientes por lo que el Interesado podr\u00e1 revocar s\u00f3lo uno de ellos no afectando a los dem\u00e1s.<\/p>\n<p><strong>ORIGEN DE LOS DATOS<\/strong><\/p>\n<p>Los datos personales que tratamos en SIENA EDUCACI\u00d3N S.A. proceden de:<\/p>\n<ul>\n<li>Formularios de contacto.<\/li>\n<li>Formularios de contrataci\u00f3n de los servicios ofrecidos por SIENA EDUCACI\u00d3N S.A.<\/li>\n<li>Formularios de suscripci\u00f3n y contrataci\u00f3n, de forma directa o indirecta del centro educativo o instituci\u00f3n donde desempe\u00f1a su actividad profesional.<\/li>\n<li>Actos p\u00fablicos organizados, relacionados con su actividad: la Educaci\u00f3n.<\/li>\n<\/ul>\n<p><strong>DESTINATARIOS DE DATOS<\/strong><\/p>\n<p>Se le informa que sus datos podr\u00e1n ser comunicados al resto de empresas SIENA EDUCACI\u00d3N S.A. y entidades asociadas al mismo. La comunicaci\u00f3n de dichos datos tendr\u00e1 por objeto la ejecuci\u00f3n del contrato suscrito, as\u00ed como el env\u00edo de informaci\u00f3n comercial acerca de sus productos y servicios en los casos autorizados.<\/p>\n<p>En todo caso, queremos informarles que, dichas empresas, cumplen con los criterios establecidos en el Reglamento General de Protecci\u00f3n de Datos.<\/p>\n<p><strong>AUTORIZACI\u00d3N DE CESI\u00d3N DE DATOS<\/strong><\/p>\n<p>Autorizo expresamente a Siena Educaci\u00f3n S.A., organizadora de Innovative Facilities, a ceder mis datos personales a terceras empresas como responsables del tratamiento de los mismos para que desarrollen acciones comerciales en general.<\/p>\n<p>En concreto, en virtud de lo dispuesto en la normativa vigente en materia de protecci\u00f3n de datos de car\u00e1cter personal (LOPDGDD y RGPD), le informamos que los datos que nos facilite para participar en las Jornadas de Innovative Facilities, ser\u00e1n tratados por Siena Educaci\u00f3n S.A. como Responsable de los mismos. Asimismo, le informamos que al inscribirse y aceptar los env\u00edos, autoriza a Siena Educaci\u00f3n S.A. a ceder sus datos a las instituciones que participan en el evento en el que se ha suscrito, as\u00ed como para remitirle informaci\u00f3n y actualizaciones en virtud de la relaci\u00f3n de naturaleza contractual que genera su inscripci\u00f3n.<\/p>\n<p>Por \u00faltimo, le informamos de que puede ejercitar sus derechos de acceso, supresi\u00f3n, limitaci\u00f3n al tratamiento de los datos, oposici\u00f3n al tratamiento y la posibilidad de ejercer su derecho a la portabilidad, dirigi\u00e9ndose a SIENA EDUCACI\u00d3N S.A., como Responsable de los mismos, mediante escrito remitido a la direcci\u00f3n Calle Jos\u00e9 Abascal 55, entresuelo derecha. 28003 Madrid (Espa\u00f1a) o enviando un email a <a href=\"mailto:magisnet@magisnet.com\">magisnet@magisnet.com<\/a>, debiendo en ambos casos aportar, a efectos de acreditar su identidad, copia de su DNI, pasaporte o documento equivalente conforme a lo indicado en la cl\u00e1usula \u201cDerechos de los usuarios\u201d.<\/p>\n<p>En el caso de terceras empresas a las que los datos hayan sido cedidos, \u00e9stas deber\u00e1n indicar los canales de ejercicio de los derechos del usuario acordes a la legislaci\u00f3n aplicable.<\/p>\n<p>Si no marcas la casilla de aceptaci\u00f3n de env\u00edos de comunicaciones, no se permitir\u00e1 la cesi\u00f3n de la informaci\u00f3n para dicho fin. Normalmente tiene la siguiente f\u00f3rmula: \u201cDeseo recibir comunicaciones\u2026\u201d<\/p>\n<p><strong>RESPONSABILIDAD DEL USUARIO<\/strong><\/p>\n<p><strong>El Interesado:<\/strong><\/p>\n<ul>\n<li>Garantiza que es mayor de 14 a\u00f1os en los casos de contrataci\u00f3n de servicios, y que los datos que facilita a SIENA EDUCACI\u00d3N S.A. son verdaderos, exactos, completos y actualizados. A estos efectos, el Interesado responde de la veracidad de todos los datos que comunique y mantendr\u00e1 convenientemente actualizada la informaci\u00f3n facilitada, de tal forma que responda a su situaci\u00f3n real. Esta p\u00e1gina, salvo casos concretos, no est\u00e1 dirigida a menores de edad.<\/li>\n<li>En el caso de los menores de 14 a\u00f1os se requiere el consentimiento de los padres o tutores para el tratamiento de sus datos personales. En ning\u00fan caso se recabar\u00e1n del menor de edad datos relativos a la situaci\u00f3n profesional, econ\u00f3mica o a la intimidad de los otros miembros de la familia, sin el consentimiento de \u00e9stos. Si eres menor de 14 a\u00f1os y has accedido a este sitio web sin avisar a tus padres no debes registrarte como usuario ni facilitar tus datos personales.<\/li>\n<li>Garantiza que ha informado a los terceros de los que facilite sus datos, en caso de hacerlo, de los aspectos contenidos en este documento. Asimismo, garantiza que ha obtenido su autorizaci\u00f3n para facilitar sus datos a SIENA EDUCACI\u00d3N S.A. para los fines se\u00f1alados.<\/li>\n<li>Ser\u00e1 responsable de las informaciones falsas o inexactas que proporcione a trav\u00e9s del Sitio Web o de cualquier otro medio y de los da\u00f1os y perjuicios, directos o indirectos, que ello cause a SIENA EDUCACI\u00d3N S.A. o a terceros.<\/li>\n<\/ul>\n<p><strong>COMUNICACIONES COMERCIALES Y PROMOCIONALES<\/strong><\/p>\n<p>Una de las finalidades para las que SIENA EDUCACI\u00d3N S.A. trata los datos personales proporcionados por parte de los Interesados es para remitirles las comunicaciones comerciales y\/o publicitarias peri\u00f3dicas, que SIENA EDUCACI\u00d3N S.A. y a su \u00e1mbito docente llevan a cabo con sus suscriptores, proveedores, clientes, centros educativos, alumnos, antiguos alumnos, profesores, profesionales de la Educaci\u00f3n y posibles interesados, inform\u00e1ndoles de sus actividades, noticias, cursos, programas, as\u00ed como cualesquiera otra oferta de productos y servicios relacionados con la actividad que desarrolla.<\/p>\n<p>Siempre que se realice alguna comunicaci\u00f3n de este tipo, \u00e9sta ser\u00e1 dirigida \u00fanica y exclusivamente a aquellos interesados que no hubieran manifestado previamente su negativa a la recepci\u00f3n de las mismas, en caso de que faciliten sus datos por v\u00eda de contrataci\u00f3n de servicios o, en caso de que hayan consentido la recepci\u00f3n de las mismas.<\/p>\n<p>En caso de que el Interesado desee dejar de recibir comunicaciones comerciales o promocionales por parte de SIENA EDUCACI\u00d3N S.A. puede solicitar la baja del servicio a trav\u00e9s del enlace incluido en la comunicaci\u00f3n electr\u00f3nica o enviando un email a la siguiente direcci\u00f3n de correo electr\u00f3nico:\u00a0<a href=\"mailto:magisnet@magisnet.com\">magisnet@magisnet.com<\/a><\/p>\n<p><strong>USO DE COOKIES<\/strong><\/p>\n<p>Parte de los servicios prestados en la p\u00e1gina web de Innovative Facilities podr\u00e1n utilizar cookies, con el fin de personalizar y facilitar al m\u00e1ximo su navegaci\u00f3n por la p\u00e1gina web. Las cookies se asocian \u00fanicamente a un usuario an\u00f3nimo y su ordenador, y no proporcionan referencias que permitan deducir datos personales del usuario. SIENA EDUCACI\u00d3N S.A. utiliza estos datos con el fin de mejorar sus servicios.<\/p>\n<p>El usuario puede configurar su navegador para aceptar o rechazar las cookies, sin embargo SIENA EDUCACI\u00d3N S.A. le aconseja y agradece que active la aceptaci\u00f3n de cookies, para poder obtener datos m\u00e1s precisos que permiten mejorar el contenido y adaptarlo a las preferencias del usuario. Puedes obtener m\u00e1s informaci\u00f3n acerca de las cookies consultando nuestra POL\u00cdTICA DE COOKIES.<\/p>\n<p><strong>DERECHOS DE LOS USUARIOS<\/strong><\/p>\n<p>El Interesado puede enviar un correo electr\u00f3nico a magisnet@magisnet.com o bien correo postal a Calle Jos\u00e9 Abascal 55, entresuelo izda. 28003 Madrid (Espa\u00f1a), indicado en la referencia que se trata se una solicitud de protecci\u00f3n de datos, adjuntando fotocopia de su documento de identidad, en cualquier momento y de manera gratuita, para:<\/p>\n<ul>\n<li>Revocar los consentimientos otorgados.<\/li>\n<li>Obtener confirmaci\u00f3n acerca de si en SIENA EDUCACI\u00d3N S.A. se est\u00e1n tratando datos personales que conciernen al Interesado o no.<\/li>\n<li>Acceder a sus datos personales.<\/li>\n<li>Rectificar los datos inexactos o incompletos.<\/li>\n<li>Solicitar la supresi\u00f3n de sus datos cuando, entre otros motivos, los datos ya no sean necesarios para los fines que fueron recogidos.<\/li>\n<li>Obtener de SIENA EDUCACI\u00d3N S.A. la limitaci\u00f3n del tratamiento de los datos cuando se cumpla alguna de las condiciones previstas en la normativa de protecci\u00f3n de datos.<\/li>\n<li>Solicitar la portabilidad de sus datos.<\/li>\n<li>Reclamar ante la Agencia Espa\u00f1ola de Protecci\u00f3n de Datos (AEPD), a trav\u00e9s de la web www.aepd.es o mediante escrito dirigido a la Subdirecci\u00f3n General de Inspecci\u00f3n de Datos de la AEPD, calle Jorge Juan, 6-28001-Madrid, cuando considere que SIENA EDUCACI\u00d3N S.A. han vulnerado los derechos que le son reconocidos por la normativa aplicable en protecci\u00f3n de datos.<\/li>\n<\/ul>\n<p>SIENA EDUCACI\u00d3N S.A. atender\u00e1 la solicitud e informar\u00e1 al Interesado sobre las medidas adoptadas en el plazo de un mes desde su recepci\u00f3n. Dicho plazo podr\u00e1 prorrogarse un m\u00e1ximo de dos meses adicionales en caso necesario, teniendo en cuenta la complejidad y n\u00famero de solicitudes.<\/p>\n<p>SIENA EDUCACI\u00d3N S.A. informar\u00e1 al Usuario de cualquiera de dichas pr\u00f3rrogas en el plazo de un mes desde la recepci\u00f3n de la solicitud. SIENA EDUCACI\u00d3N S.A. responder\u00e1 a las solicitudes por el mismo canal utilizado por el Interesado, salvo que \u00e9ste disponga otra cosa.<\/p>\n<p><strong>MEDIDAS DE SEGURIDAD<\/strong><\/p>\n<p>SIENA EDUCACI\u00d3N S.A. tratar\u00e1 los datos del Interesado en todo momento de forma absolutamente confidencial y guardando el preceptivo deber de secreto respecto de los mismos, de conformidad con lo previsto en la normativa de aplicaci\u00f3n, adoptando al efecto las medidas de \u00edndole t\u00e9cnica y organizativas necesarias que garanticen la seguridad de sus datos y eviten su alteraci\u00f3n, p\u00e9rdida, tratamiento o acceso no autorizado, habida cuenta del estado de la tecnolog\u00eda, la naturaleza de los datos almacenados y los riesgos a que est\u00e1n expuestos.<\/p>\n","protected":false},"excerpt":{"rendered":"<p>IDENTIFICACI\u00d3N DEL RESPONSABLE DEL TRATAMIENTO Identidad:\u00a0SIENA EDUCACI\u00d3N S.A. NIF:\u00a0A81849986 Direcci\u00f3n [&hellip;]<\/p>\n","protected":false},"author":1,"featured_media":0,"parent":0,"menu_order":0,"comment_status":"closed","ping_status":"closed","template":"","meta":{"footnotes":""},"class_list":["post-2200","page","type-page","status-publish","hentry"],"_links":{"self":[{"href":"https:\/\/school.innovativefacilities.es\/2023\/wp-json\/wp\/v2\/pages\/2200","targetHints":{"allow":["GET"]}}],"collection":[{"href":"https:\/\/school.innovativefacilities.es\/2023\/wp-json\/wp\/v2\/pages"}],"about":[{"href":"https:\/\/school.innovativefacilities.es\/2023\/wp-json\/wp\/v2\/types\/page"}],"author":[{"embeddable":true,"href":"https:\/\/school.innovativefacilities.es\/2023\/wp-json\/wp\/v2\/users\/1"}],"replies":[{"embeddable":true,"href":"https:\/\/school.innovativefacilities.es\/2023\/wp-json\/wp\/v2\/comments?post=2200"}],"version-history":[{"count":0,"href":"https:\/\/school.innovativefacilities.es\/2023\/wp-json\/wp\/v2\/pages\/2200\/revisions"}],"wp:attachment":[{"href":"https:\/\/school.innovativefacilities.es\/2023\/wp-json\/wp\/v2\/media?parent=2200"}],"curies":[{"name":"wp","href":"https:\/\/api.w.org\/{rel}","templated":true}]}}