{"id":4439,"date":"2022-04-18T12:01:13","date_gmt":"2022-04-18T12:01:13","guid":{"rendered":"https:\/\/school.innovativefacilities.es\/2022\/?page_id=4439"},"modified":"2022-05-05T03:04:02","modified_gmt":"2022-05-05T03:04:02","slug":"school-nurses","status":"publish","type":"page","link":"https:\/\/school.innovativefacilities.es\/2023\/expositores\/school-nurses\/","title":{"rendered":"School Nurses"},"content":{"rendered":"<p><div class=\"fusion-fullwidth fullwidth-box fusion-builder-row-1 fusion-flex-container portada-exp nonhundred-percent-fullwidth non-hundred-percent-height-scrolling\" style=\"--awb-border-radius-top-left:0px;--awb-border-radius-top-right:0px;--awb-border-radius-bottom-right:0px;--awb-border-radius-bottom-left:0px;--awb-margin-top:25px;\" ><div class=\"fusion-builder-row fusion-row fusion-flex-align-items-flex-start\" style=\"max-width:1040px;margin-left: calc(-4% \/ 2 );margin-right: calc(-4% \/ 2 );\"><div class=\"fusion-layout-column fusion_builder_column fusion-builder-column-0 fusion_builder_column_1_1 1_1 fusion-flex-column\" style=\"--awb-bg-size:cover;--awb-width-large:100%;--awb-spacing-right-large:1.92%;--awb-spacing-left-large:1.92%;--awb-width-medium:100%;--awb-order-medium:0;--awb-spacing-right-medium:1.92%;--awb-spacing-left-medium:1.92%;--awb-width-small:100%;--awb-order-small:0;--awb-spacing-right-small:1.92%;--awb-spacing-left-small:1.92%;\"><div class=\"fusion-column-wrapper fusion-column-has-shadow fusion-flex-justify-content-flex-start fusion-content-layout-column\"><div class=\"fusion-image-element \"><span class=\" fusion-imageframe imageframe-none imageframe-1 hover-type-none\"><img decoding=\"async\" width=\"200\" height=\"100\" title=\"School Nurses\" src=\"https:\/\/school.innovativefacilities.es\/2023\/wp-content\/uploads\/2022\/04\/School-Nurses.png\" alt class=\"img-responsive wp-image-4445\"\/><\/span><\/div><\/div><\/div><div class=\"fusion-layout-column fusion_builder_column fusion-builder-column-1 fusion_builder_column_2_3 2_3 fusion-flex-column\" style=\"--awb-bg-size:cover;--awb-width-large:66.666666666667%;--awb-spacing-right-large:2.88%;--awb-spacing-left-large:2.88%;--awb-width-medium:66.666666666667%;--awb-order-medium:0;--awb-spacing-right-medium:2.88%;--awb-spacing-left-medium:2.88%;--awb-width-small:100%;--awb-order-small:0;--awb-spacing-right-small:1.92%;--awb-spacing-left-small:1.92%;\"><div class=\"fusion-column-wrapper fusion-column-has-shadow fusion-flex-justify-content-flex-start fusion-content-layout-column\"><div class=\"fusion-text fusion-text-1 exp-desc-sesion\" style=\"--awb-text-transform:none;\"><p>SchoolNurses facilita servicios 360\u00ba de enfermer@s escolares como clave in-situ en los centros escolares para <strong>prevenir + gestionar + educar<\/strong>.<\/p>\n<p>SchoolNurses es una empresa privada con objetivos sociales solidarios, que ubica enfermeras especializadas en enfermer\u00eda escolar, en todos los colegios de Espa\u00f1a pero no solo como figura asistencial, sino tambi\u00e9n para que desarrollen sus funciones docentes, investigadoras y gestoras en materia de Educaci\u00f3n para la Salud. Para ello l@s dotan de herramientas, plataforma seguras, informaci\u00f3n actualizada, soporte, contacto con otros profesionales (crowdsourcing), apoyo anal\u00edtico con herramientas de gesti\u00f3n de Big Data y l\u00f3gica asociativa, talleres y formaci\u00f3n con material docente, actualizado, homologado y adecuado seg\u00fan tramos etarios \u2026entre otras muchas mejoras.<\/p>\n<\/div><\/div><\/div><div class=\"fusion-layout-column fusion_builder_column fusion-builder-column-2 fusion_builder_column_1_3 1_3 fusion-flex-column\" style=\"--awb-padding-right:20px;--awb-padding-bottom:40px;--awb-padding-left:20px;--awb-padding-right-small:0px;--awb-padding-left-small:0px;--awb-bg-size:cover;--awb-width-large:33.333333333333%;--awb-spacing-right-large:5.76%;--awb-spacing-left-large:5.76%;--awb-width-medium:33.333333333333%;--awb-order-medium:0;--awb-spacing-right-medium:5.76%;--awb-spacing-left-medium:5.76%;--awb-width-small:100%;--awb-order-small:0;--awb-spacing-right-small:1.92%;--awb-spacing-left-small:1.92%;\"><div class=\"fusion-column-wrapper fusion-column-has-shadow fusion-flex-justify-content-flex-start fusion-content-layout-column\"><div class=\"fusion-text fusion-text-2 tit-contacto\"><p>CONTACTO<\/p>\n<\/div><ul style=\"--awb-iconcolor:#333333;--awb-divider-color:#333333;--awb-line-height:27.2px;--awb-icon-width:27.2px;--awb-icon-height:27.2px;--awb-icon-margin:11.2px;--awb-content-margin:38.4px;\" class=\"fusion-checklist fusion-checklist-1 fusion-checklist-default fusion-checklist-divider type-icons contacto-direccion\"><\/ul><ul style=\"--awb-iconcolor:#333333;--awb-divider-color:#333333;--awb-line-height:27.2px;--awb-icon-width:27.2px;--awb-icon-height:27.2px;--awb-icon-margin:11.2px;--awb-content-margin:38.4px;\" class=\"fusion-checklist fusion-checklist-2 fusion-checklist-default fusion-checklist-divider type-icons contacto-telefono\"><li class=\"fusion-li-item\" style=\"\"><span class=\"icon-wrapper circle-no\"><i class=\"fusion-li-icon fa-edge fab\" aria-hidden=\"true\"><\/i><\/span><div class=\"fusion-li-item-content\">\n<p><a href=\"http:\/\/www.schoolnurses.es\">www.schoolnurses.es<\/a><\/p>\n<\/div><\/li><li class=\"fusion-li-item\" style=\"\"><span class=\"icon-wrapper circle-no\"><i class=\"fusion-li-icon fa-envelope fas\" aria-hidden=\"true\"><\/i><\/span><div class=\"fusion-li-item-content\">\n<p><a href=\"mailto:info@schoolnurses.es\">info@schoolnurses.es<\/a><\/p>\n<\/div><\/li><li class=\"fusion-li-item\" style=\"\"><span class=\"icon-wrapper circle-no\"><i class=\"fusion-li-icon fa-phone-alt fas\" aria-hidden=\"true\"><\/i><\/span><div class=\"fusion-li-item-content\">91 005 91 18<\/div><\/li><li class=\"fusion-li-item\" style=\"\"><span class=\"icon-wrapper circle-no\"><i class=\"fusion-li-icon fa-phone-alt fas\" aria-hidden=\"true\"><\/i><\/span><div class=\"fusion-li-item-content\">626 82 51 47<\/div><\/li><\/ul><div class=\"fusion-social-links fusion-social-links-1 social-contacto\" style=\"--awb-margin-top:0px;--awb-margin-right:0px;--awb-margin-bottom:0px;--awb-margin-left:0px;--awb-box-border-top:0px;--awb-box-border-right:0px;--awb-box-border-bottom:0px;--awb-box-border-left:0px;--awb-icon-colors-hover:rgba(158,160,164,0.8);--awb-box-colors-hover:rgba(242,243,245,0.8);--awb-box-border-color:var(--awb-color3);--awb-box-border-color-hover:var(--awb-color4);\"><div class=\"fusion-social-networks boxed-icons color-type-brand\"><div class=\"fusion-social-networks-wrapper\"><a class=\"fusion-social-network-icon fusion-tooltip fusion-facebook awb-icon-facebook\" style=\"color:#ffffff;font-size:16px;width:16px;background-color:#3b5998;border-color:#3b5998;border-radius:50px;\" data-placement=\"top\" data-title=\"Facebook\" data-toggle=\"tooltip\" title=\"Facebook\" aria-label=\"facebook\" target=\"_blank\" rel=\"noopener noreferrer\" href=\"https:\/\/www.facebook.com\/schoolnurses.net\/\"><\/a><a class=\"fusion-social-network-icon fusion-tooltip fusion-twitter awb-icon-twitter\" style=\"color:#ffffff;font-size:16px;width:16px;background-color:#55acee;border-color:#55acee;border-radius:50px;\" data-placement=\"top\" data-title=\"Twitter\" data-toggle=\"tooltip\" title=\"Twitter\" aria-label=\"twitter\" target=\"_blank\" rel=\"noopener noreferrer\" href=\"https:\/\/twitter.com\/schoolnurses1\"><\/a><a class=\"fusion-social-network-icon fusion-tooltip fusion-instagram awb-icon-instagram\" style=\"color:#ffffff;font-size:16px;width:16px;background-color:#3f729b;border-color:#3f729b;border-radius:50px;\" data-placement=\"top\" data-title=\"Instagram\" data-toggle=\"tooltip\" title=\"Instagram\" aria-label=\"instagram\" target=\"_blank\" rel=\"noopener noreferrer\" href=\"https:\/\/www.instagram.com\/schoolnurses1\/\"><\/a><a class=\"fusion-social-network-icon fusion-tooltip fusion-youtube awb-icon-youtube\" style=\"color:#ffffff;font-size:16px;width:16px;background-color:#cd201f;border-color:#cd201f;border-radius:50px;\" data-placement=\"top\" data-title=\"YouTube\" data-toggle=\"tooltip\" title=\"YouTube\" aria-label=\"youtube\" target=\"_blank\" rel=\"noopener noreferrer\" href=\"https:\/\/www.youtube.com\/channel\/UCxSobb8esA45IoFinfeIaKQ\"><\/a><a class=\"fusion-social-network-icon fusion-tooltip fusion-whatsapp awb-icon-whatsapp\" style=\"color:#ffffff;font-size:16px;width:16px;background-color:#77e878;border-color:#77e878;border-radius:50px;\" data-placement=\"top\" data-title=\"WhatsApp\" data-toggle=\"tooltip\" title=\"WhatsApp\" aria-label=\"whatsapp\" target=\"_blank\" rel=\"noopener noreferrer\" href=\"https:\/\/api.whatsapp.com\/send\/?phone=34626825147&amp;text&amp;app_absent=0\"><\/a><\/div><\/div><\/div><\/div><\/div><\/div><\/div><div class=\"fusion-fullwidth fullwidth-box fusion-builder-row-2 fusion-flex-container exp-barra-sesion nonhundred-percent-fullwidth non-hundred-percent-height-scrolling\" style=\"--awb-border-radius-top-left:0px;--awb-border-radius-top-right:0px;--awb-border-radius-bottom-right:0px;--awb-border-radius-bottom-left:0px;--awb-padding-top:0px;--awb-padding-bottom:0px;--awb-margin-top:0px;--awb-margin-bottom:0px;\" ><div class=\"fusion-builder-row fusion-row fusion-flex-align-items-flex-start\" style=\"max-width:1040px;margin-left: calc(-4% \/ 2 );margin-right: calc(-4% \/ 2 );\"><div class=\"fusion-layout-column fusion_builder_column fusion-builder-column-3 fusion_builder_column_1_1 1_1 fusion-flex-column\" style=\"--awb-bg-size:cover;--awb-width-large:100%;--awb-spacing-right-large:1.92%;--awb-spacing-left-large:1.92%;--awb-width-medium:100%;--awb-order-medium:0;--awb-spacing-right-medium:1.92%;--awb-spacing-left-medium:1.92%;--awb-width-small:100%;--awb-order-small:0;--awb-spacing-right-small:1.92%;--awb-spacing-left-small:1.92%;\"><div class=\"fusion-column-wrapper fusion-column-has-shadow fusion-flex-justify-content-flex-start fusion-content-layout-column\"><div class=\"fusion-text fusion-text-3\"><p><strong>AP\u00daNTATE<\/strong>\u00a0a su presentaci\u00f3n en directo<\/p>\n<\/div><\/div><\/div><\/div><\/div><div class=\"fusion-fullwidth fullwidth-box fusion-builder-row-3 fusion-flex-container exp-sesion nonhundred-percent-fullwidth non-hundred-percent-height-scrolling\" style=\"--awb-border-radius-top-left:0px;--awb-border-radius-top-right:0px;--awb-border-radius-bottom-right:0px;--awb-border-radius-bottom-left:0px;--awb-margin-top:0px;\" ><div class=\"fusion-builder-row fusion-row fusion-flex-align-items-flex-start\" style=\"max-width:1040px;margin-left: calc(-4% \/ 2 );margin-right: calc(-4% \/ 2 );\"><div class=\"fusion-layout-column fusion_builder_column fusion-builder-column-4 fusion_builder_column_2_3 2_3 fusion-flex-column fusion-flex-align-self-stretch\" style=\"--awb-bg-size:cover;--awb-width-large:66.666666666667%;--awb-spacing-right-large:2.88%;--awb-spacing-left-large:2.88%;--awb-width-medium:66.666666666667%;--awb-order-medium:0;--awb-spacing-right-medium:2.88%;--awb-spacing-left-medium:2.88%;--awb-width-small:100%;--awb-order-small:0;--awb-spacing-right-small:1.92%;--awb-spacing-left-small:1.92%;\"><div class=\"fusion-column-wrapper fusion-column-has-shadow fusion-flex-justify-content-flex-start fusion-content-layout-column\"><div class=\"fusion-text fusion-text-4 exp-tit-sesion\" style=\"--awb-text-transform:none;\"><p>Gesti\u00f3n de la enfermer\u00eda escolar<\/p>\n<\/div><div class=\"fusion-text fusion-text-5 exp-desc-sesion\" style=\"--awb-text-transform:none;\"><p>Se abordar\u00e1n sobre todos los aspectos pr\u00e1cticos que suelen preocupar a los equipos directivos, a cargo del equipo directivo de School Nurses:<\/p>\n<ul>\n<li>ASPECTOS DE MARKETING, JUSTIFICACI\u00d3N y OPERATIVA: \u00bfQu\u00e9 pasos previos puedo, y deber\u00eda dar, antes de implantarlo o proponerlo a las familias?, \u00bfC\u00f3mo puede ser m\u00e1s efectivo introducirlo?, \u00bfC\u00f3mo estimar costos\/beneficios? \u00bfPuede generar ahorros?, \u00bfQu\u00e9 costes perif\u00e9ricos debo asumir?<\/li>\n<li>ALCANCE Y COMPETENCIAS : \u00bfQu\u00e9 s\u00ed, y qu\u00e9 no debe\/puede hacer una enfermera escolar?<\/li>\n<li>ASPECTOS LEGALES: Aspectos normativos, Seguros de RC, tratamiento de Datos personales, consentimientos y otras obligaciones espec\u00edficas \u00bfQu\u00e9 conlleva para el centro escolar?.<\/li>\n<\/ul>\n<\/div><div class=\"fusion-text fusion-text-6 exp-tit-ponente\" style=\"--awb-text-transform:none;\"><p><span style=\"color: #808080;\">Ponentes:<\/span><\/p>\n<\/div><div class=\"fusion-content-boxes content-boxes columns row fusion-columns-1 fusion-columns-total-3 fusion-content-boxes-1 content-boxes-icon-on-side content-left\" style=\"--awb-hover-accent-color:#333333;--awb-circle-hover-accent-color:#333333;--awb-item-margin-bottom:40px;\" data-animationOffset=\"top-into-view\"><div style=\"--awb-backgroundcolor:rgba(255,255,255,0);--awb-content-padding-left:100px;\" class=\"fusion-column content-box-column content-box-column content-box-column-1 col-lg-12 col-md-12 col-sm-12 fusion-content-box-hover content-box-column-last-in-row\"><div class=\"col content-box-wrapper content-wrapper link-area-link-icon content-icon-wrapper-yes icon-hover-animation-fade\" data-animationOffset=\"top-into-view\"><div class=\"heading heading-with-icon icon-left\"><div aria-hidden=\"true\" class=\"image\"><img decoding=\"async\" src=\"https:\/\/school.innovativefacilities.es\/2023\/wp-content\/uploads\/2022\/04\/20220419_141103.png\" width=\"80\" height=\"80\" alt=\"\" \/><\/div><h4 class=\"content-box-heading\" style=\"--h4_typography-font-size:16px;line-height:21px;padding-left:100px;\">Jes\u00fas Ruiz Janeiro<\/h4><\/div><div class=\"fusion-clearfix\"><\/div><div class=\"content-container\">\n<p>Director General en School Nurses<br \/>\n<a href=\"mailto:jesus.ruiz@schoolnurses.es\">jesus.ruiz@schoolnurses.es<\/a><\/p>\n<\/div><\/div><\/div><div style=\"--awb-backgroundcolor:rgba(255,255,255,0);--awb-content-padding-left:100px;\" class=\"fusion-column content-box-column content-box-column content-box-column-2 col-lg-12 col-md-12 col-sm-12 fusion-content-box-hover content-box-column-last-in-row\"><div class=\"col content-box-wrapper content-wrapper link-area-link-icon content-icon-wrapper-yes icon-hover-animation-fade\" data-animationOffset=\"top-into-view\"><div class=\"heading heading-with-icon icon-left\"><div aria-hidden=\"true\" class=\"image\"><img decoding=\"async\" src=\"https:\/\/school.innovativefacilities.es\/2023\/wp-content\/uploads\/2022\/04\/Foto-Patricia-Alba-1.png\" width=\"80\" height=\"80\" alt=\"\" \/><\/div><h4 class=\"content-box-heading\" style=\"--h4_typography-font-size:16px;line-height:21px;padding-left:100px;\">Patricia Alb\u00e1<\/h4><\/div><div class=\"fusion-clearfix\"><\/div><div class=\"content-container\">Responsable de Enfermer\u00eda y Calidad en School Nurses<\/div><\/div><\/div><div style=\"--awb-backgroundcolor:rgba(255,255,255,0);--awb-content-padding-left:100px;\" class=\"fusion-column content-box-column content-box-column content-box-column-3 col-lg-12 col-md-12 col-sm-12 fusion-content-box-hover content-box-column-last content-box-column-last-in-row\"><div class=\"col content-box-wrapper content-wrapper link-area-link-icon content-icon-wrapper-yes icon-hover-animation-fade\" data-animationOffset=\"top-into-view\"><div class=\"heading heading-with-icon icon-left\"><div aria-hidden=\"true\" class=\"image\"><img decoding=\"async\" src=\"https:\/\/school.innovativefacilities.es\/2023\/wp-content\/uploads\/2022\/04\/Begona-Tapia.png\" width=\"80\" height=\"81.63\" alt=\"\" \/><\/div><h4 class=\"content-box-heading\" style=\"--h4_typography-font-size:16px;line-height:21px;padding-left:100px;\"> Bego\u00f1a Tapia Ram\u00edrez<\/h4><\/div><div class=\"fusion-clearfix\"><\/div><div class=\"content-container\">\n<p>Responsable de Cumplimiento Normativo en School Nurses<\/p>\n<\/div><\/div><\/div><div class=\"fusion-clearfix\"><\/div><\/div><\/div><\/div><div class=\"fusion-layout-column fusion_builder_column fusion-builder-column-5 fusion_builder_column_1_3 1_3 fusion-flex-column fusion-flex-align-self-stretch\" style=\"--awb-padding-left:20px;--awb-bg-size:cover;--awb-border-color:#12bebe;--awb-border-left:1px;--awb-border-style:dashed;--awb-width-large:33.333333333333%;--awb-spacing-right-large:5.76%;--awb-spacing-left-large:5.76%;--awb-width-medium:33.333333333333%;--awb-order-medium:0;--awb-spacing-right-medium:5.76%;--awb-spacing-left-medium:5.76%;--awb-width-small:100%;--awb-order-small:0;--awb-spacing-right-small:1.92%;--awb-spacing-left-small:1.92%;\"><div class=\"fusion-column-wrapper fusion-column-has-shadow fusion-flex-justify-content-flex-start fusion-content-layout-column\"><ul style=\"--awb-line-height:27.2px;--awb-icon-width:27.2px;--awb-icon-height:27.2px;--awb-icon-margin:11.2px;--awb-content-margin:38.4px;\" class=\"fusion-checklist fusion-checklist-3 fusion-checklist-default type-icons exp-fecha-sesion\"><li class=\"fusion-li-item\" style=\"\"><span class=\"icon-wrapper circle-no\"><i class=\"fusion-li-icon fa-calendar-alt fas\" aria-hidden=\"true\"><\/i><\/span><div class=\"fusion-li-item-content\"><span style=\"font-weight: 400;\">JUEVES 28 DE ABRIL<\/span><\/div><\/li><\/ul><ul style=\"--awb-line-height:27.2px;--awb-icon-width:27.2px;--awb-icon-height:27.2px;--awb-icon-margin:11.2px;--awb-content-margin:38.4px;\" class=\"fusion-checklist fusion-checklist-4 fusion-checklist-default type-icons exp-hora-sesion\"><li class=\"fusion-li-item\" style=\"\"><span class=\"icon-wrapper circle-no\"><i class=\"fusion-li-icon fa-clock fas\" aria-hidden=\"true\"><\/i><\/span><div class=\"fusion-li-item-content\"><span style=\"font-weight: 400;\">12:30 h<\/span><\/div><\/li><\/ul><div class=\"fusion-separator fusion-full-width-sep\" style=\"align-self: center;margin-left: auto;margin-right: auto;margin-top:30px;width:100%;\"><\/div><div class=\"fusion-text fusion-text-7 fusion-text-no-margin btn-sesion\" style=\"--awb-text-transform:none;--awb-margin-top:20px;--awb-margin-bottom:20px;\"><div class=\"ihc-locker-wrap\"><div class='ihc_locker_1 ihc_locker_1-st'>\n\t\t\t\t\t\t\t<div><div class=\"btn-sesion-login\">    \n            <div class=\"ihc-login-modal-trigger\">\n             ACCEDE PARA VER LA SESI\u00d3N         <\/div>\n    \n    <div class=\"ihc-display-none\" id=\"ihc_login_modal\" data-title=\"Accede al evento con tus datos\">\n        <div class=\"ihc-login-form-wrap ihc-login-template-12\"><form method=\"post\" id=\"ihc_login_form\"><input type=\"hidden\" name=\"ihcaction\" value=\"login\" \/><input type=\"hidden\" name=\"ihc_login_nonce\" value=\"cac4c260d8\" \/><div class=\"impu-form-line-fr\"><i class=\"fa-ihc fa-username-ihc\"><\/i><input type=\"text\" value=\"\" id=\"iump_login_username\" name=\"log\" placeholder=\"Nombre de usuario o correo electr\u00f3nico\"\/><\/div><div class=\"impu-form-line-fr\"><i class=\"fa-ihc fa-pass-ihc\"><\/i><input type=\"password\" value=\"\" id=\"iump_login_password\" name=\"pwd\" placeholder=\"Contrase\u00f1a\"\/><\/div><div class=\"impu-remember-wrapper\"><input type=\"checkbox\" value=\"forever\" name=\"rememberme\" class=\"impu-form-input-remember\" \/><span class=\"impu-form-label-remember\">Recu\u00e9rdame<\/span> <\/div><div class=\"impu-form-links-pass\"><a href=\"https:\/\/school.innovativefacilities.es\/2023\/recuperar-password\/\">\u00bfOlvidaste tu contrase\u00f1a?<\/a><\/div><div class=\"ihc-clear\"><\/div><div class=\"impu-form-line-fr impu-form-submit\"><input type=\"submit\" value=\"Acceder\" name=\"Submit\"  \/><\/div><div  class=\"impu-form-links\"><div class=\"impu-form-links-reg\">\u00bfNo tienes una cuenta?<a href=\"https:\/\/school.innovativefacilities.es\/2023\/registro\/\">REG\u00cdSTRATE<\/a><\/div><\/div><\/form><\/div><span class='ihc-js-login-data'\n\t\t\t\t\t\t\t\tdata-user_field='#iump_login_username'\n\t\t\t\t\t\t\t\tdata-password_field='#iump_login_password'\n\t\t\t\t\t\t\t\tdata-error_message='\u00a1Por favor completa todos los campos requeridos!' ><\/span>    <\/div>\n\n\n<span class=\"ihc-js-login-popup-data\"\n      data-is_login_page=\"0\"\n      data-is_logged=\"0\"\n      data-trigger_selector=\".ihc-login-modal-trigger\"\n      data-trigger_default=\"0\"\n      data-autoStart=\"false\"\n><\/span>\n<\/div>\n<\/div><\/div><\/div>\n<\/div><\/div><\/div><\/div><\/div><div class=\"fusion-fullwidth fullwidth-box fusion-builder-row-4 fusion-flex-container nonhundred-percent-fullwidth non-hundred-percent-height-scrolling\" style=\"--awb-border-radius-top-left:0px;--awb-border-radius-top-right:0px;--awb-border-radius-bottom-right:0px;--awb-border-radius-bottom-left:0px;--awb-margin-top:30px;--awb-margin-bottom:30px;\" ><div class=\"fusion-builder-row fusion-row fusion-flex-align-items-flex-start\" style=\"max-width:1040px;margin-left: calc(-4% \/ 2 );margin-right: calc(-4% \/ 2 );\"><div class=\"fusion-layout-column fusion_builder_column fusion-builder-column-6 fusion_builder_column_1_3 1_3 fusion-flex-column\" style=\"--awb-bg-size:cover;--awb-width-large:33.333333333333%;--awb-spacing-right-large:5.76%;--awb-spacing-left-large:5.76%;--awb-width-medium:33.333333333333%;--awb-order-medium:0;--awb-spacing-right-medium:5.76%;--awb-spacing-left-medium:5.76%;--awb-width-small:100%;--awb-order-small:0;--awb-spacing-right-small:1.92%;--awb-spacing-left-small:1.92%;\"><div class=\"fusion-column-wrapper fusion-column-has-shadow fusion-flex-justify-content-flex-start fusion-content-layout-column\"><div class=\"fusion-video fusion-youtube\" style=\"--awb-max-width:600px;--awb-max-height:360px;\"><div class=\"video-shortcode\"><div class=\"fluid-width-video-wrapper\" style=\"padding-top:60%;\" ><iframe title=\"YouTube video player 1\" src=\"https:\/\/www.youtube.com\/embed\/oUYYcXZ02QM?wmode=transparent&autoplay=0\" width=\"600\" height=\"360\" allowfullscreen allow=\"autoplay; fullscreen\"><\/iframe><\/div><\/div><\/div><\/div><\/div><div class=\"fusion-layout-column fusion_builder_column fusion-builder-column-7 fusion_builder_column_1_3 1_3 fusion-flex-column\" style=\"--awb-bg-size:cover;--awb-width-large:33.333333333333%;--awb-spacing-right-large:5.76%;--awb-spacing-left-large:5.76%;--awb-width-medium:33.333333333333%;--awb-order-medium:0;--awb-spacing-right-medium:5.76%;--awb-spacing-left-medium:5.76%;--awb-width-small:100%;--awb-order-small:0;--awb-spacing-right-small:1.92%;--awb-spacing-left-small:1.92%;\"><div class=\"fusion-column-wrapper fusion-column-has-shadow fusion-flex-justify-content-flex-start fusion-content-layout-column\"><div class=\"fusion-video fusion-youtube\" style=\"--awb-max-width:600px;--awb-max-height:360px;\"><div class=\"video-shortcode\"><div class=\"fluid-width-video-wrapper\" style=\"padding-top:60%;\" ><iframe title=\"YouTube video player 2\" src=\"https:\/\/www.youtube.com\/embed\/RsN8UJqIz_k?wmode=transparent&autoplay=0\" width=\"600\" height=\"360\" allowfullscreen allow=\"autoplay; fullscreen\"><\/iframe><\/div><\/div><\/div><\/div><\/div><div class=\"fusion-layout-column fusion_builder_column fusion-builder-column-8 fusion_builder_column_1_3 1_3 fusion-flex-column\" style=\"--awb-bg-size:cover;--awb-width-large:33.333333333333%;--awb-spacing-right-large:5.76%;--awb-spacing-left-large:5.76%;--awb-width-medium:33.333333333333%;--awb-order-medium:0;--awb-spacing-right-medium:5.76%;--awb-spacing-left-medium:5.76%;--awb-width-small:100%;--awb-order-small:0;--awb-spacing-right-small:1.92%;--awb-spacing-left-small:1.92%;\"><div class=\"fusion-column-wrapper fusion-column-has-shadow fusion-flex-justify-content-flex-start fusion-content-layout-column\"><div class=\"fusion-video fusion-youtube\" style=\"--awb-max-width:600px;--awb-max-height:360px;\"><div class=\"video-shortcode\"><div class=\"fluid-width-video-wrapper\" style=\"padding-top:60%;\" ><iframe title=\"YouTube video player 3\" src=\"https:\/\/www.youtube.com\/embed\/VbzOnddb5Co?wmode=transparent&autoplay=0\" width=\"600\" height=\"360\" allowfullscreen allow=\"autoplay; fullscreen\"><\/iframe><\/div><\/div><\/div><\/div><\/div><\/div><\/div><div class=\"fusion-fullwidth fullwidth-box fusion-builder-row-5 fusion-flex-container nonhundred-percent-fullwidth non-hundred-percent-height-scrolling\" style=\"--awb-border-radius-top-left:0px;--awb-border-radius-top-right:0px;--awb-border-radius-bottom-right:0px;--awb-border-radius-bottom-left:0px;--awb-margin-top:30px;--awb-margin-bottom:30px;\" ><div class=\"fusion-builder-row fusion-row fusion-flex-align-items-flex-start\" style=\"max-width:1040px;margin-left: calc(-4% \/ 2 );margin-right: calc(-4% \/ 2 );\"><div class=\"fusion-layout-column fusion_builder_column fusion-builder-column-9 fusion_builder_column_1_1 1_1 fusion-flex-column\" style=\"--awb-bg-size:cover;--awb-width-large:100%;--awb-spacing-right-large:1.92%;--awb-spacing-left-large:1.92%;--awb-width-medium:100%;--awb-order-medium:0;--awb-spacing-right-medium:1.92%;--awb-spacing-left-medium:1.92%;--awb-width-small:100%;--awb-order-small:0;--awb-spacing-right-small:1.92%;--awb-spacing-left-small:1.92%;\"><div class=\"fusion-column-wrapper fusion-column-has-shadow fusion-flex-justify-content-flex-start fusion-content-layout-column\"><div class=\"fusion-text fusion-text-8\"><\/div><\/div><\/div><\/div><\/div><\/p>\n","protected":false},"excerpt":{"rendered":"","protected":false},"author":554,"featured_media":0,"parent":2052,"menu_order":0,"comment_status":"closed","ping_status":"closed","template":"100-width.php","meta":{"footnotes":""},"class_list":["post-4439","page","type-page","status-publish","hentry"],"_links":{"self":[{"href":"https:\/\/school.innovativefacilities.es\/2023\/wp-json\/wp\/v2\/pages\/4439","targetHints":{"allow":["GET"]}}],"collection":[{"href":"https:\/\/school.innovativefacilities.es\/2023\/wp-json\/wp\/v2\/pages"}],"about":[{"href":"https:\/\/school.innovativefacilities.es\/2023\/wp-json\/wp\/v2\/types\/page"}],"author":[{"embeddable":true,"href":"https:\/\/school.innovativefacilities.es\/2023\/wp-json\/wp\/v2\/users\/554"}],"replies":[{"embeddable":true,"href":"https:\/\/school.innovativefacilities.es\/2023\/wp-json\/wp\/v2\/comments?post=4439"}],"version-history":[{"count":20,"href":"https:\/\/school.innovativefacilities.es\/2023\/wp-json\/wp\/v2\/pages\/4439\/revisions"}],"predecessor-version":[{"id":4767,"href":"https:\/\/school.innovativefacilities.es\/2023\/wp-json\/wp\/v2\/pages\/4439\/revisions\/4767"}],"up":[{"embeddable":true,"href":"https:\/\/school.innovativefacilities.es\/2023\/wp-json\/wp\/v2\/pages\/2052"}],"wp:attachment":[{"href":"https:\/\/school.innovativefacilities.es\/2023\/wp-json\/wp\/v2\/media?parent=4439"}],"curies":[{"name":"wp","href":"https:\/\/api.w.org\/{rel}","templated":true}]}}